{"id":592,"date":"2017-12-13T15:12:58","date_gmt":"2017-12-13T15:12:58","guid":{"rendered":"http:\/\/tarantela.net\/fr\/?page_id=592"},"modified":"2018-07-19T06:55:19","modified_gmt":"2018-07-19T06:55:19","slug":"ecoutez-nous","status":"publish","type":"page","link":"https:\/\/www.tarantela.net\/fr\/ecoutez-nous\/","title":{"rendered":"\u00c9coutez nous"},"content":{"rendered":"<p>[et_pb_section admin_label=\u00a0\u00bbsection\u00a0\u00bb background_image=\u00a0\u00bbhttp:\/\/tarantela.net\/wp-content\/uploads\/2017\/06\/imusica_bodas_fondo.jpg\u00a0\u00bb transparent_background=\u00a0\u00bboff\u00a0\u00bb background_color=\u00a0\u00bb#030406&Prime; allow_player_pause=\u00a0\u00bboff\u00a0\u00bb inner_shadow=\u00a0\u00bboff\u00a0\u00bb parallax=\u00a0\u00bbon\u00a0\u00bb parallax_method=\u00a0\u00bboff\u00a0\u00bb padding_mobile=\u00a0\u00bboff\u00a0\u00bb make_fullwidth=\u00a0\u00bboff\u00a0\u00bb use_custom_width=\u00a0\u00bboff\u00a0\u00bb width_unit=\u00a0\u00bbon\u00a0\u00bb make_equal=\u00a0\u00bboff\u00a0\u00bb use_custom_gutter=\u00a0\u00bboff\u00a0\u00bb custom_padding=\u00a0\u00bb50px||100px|\u00a0\u00bb][et_pb_row admin_label=\u00a0\u00bbrow\u00a0\u00bb][et_pb_column type=\u00a0\u00bb4_4&Prime;][et_pb_text admin_label=\u00a0\u00bbTexto\u00a0\u00bb background_layout=\u00a0\u00bbdark\u00a0\u00bb text_orientation=\u00a0\u00bbleft\u00a0\u00bb use_border_color=\u00a0\u00bboff\u00a0\u00bb border_color=\u00a0\u00bb#ffffff\u00a0\u00bb border_style=\u00a0\u00bbsolid\u00a0\u00bb]<\/p>\n<h2 style=\"color: #cb1c4a!important; text-align: LEFT;\">\u00c9COUTEZ-NOUS<\/h2>\n<p>Ici vous pouvez \u00e9couter quelques exemples de morceaux de notre r\u00e9pertoire, enregistr\u00e9s en direct.<\/p>\n<p>Pour plus d&rsquo;informations et \/ ou de conseils n&rsquo;h\u00e9sitez pas \u00e0 nous contacter, nous serons ravis!<\/p>\n<p>[\/et_pb_text][\/et_pb_column][\/et_pb_row][et_pb_row admin_label=\u00a0\u00bbrow\u00a0\u00bb make_fullwidth=\u00a0\u00bboff\u00a0\u00bb use_custom_width=\u00a0\u00bboff\u00a0\u00bb width_unit=\u00a0\u00bbon\u00a0\u00bb use_custom_gutter=\u00a0\u00bboff\u00a0\u00bb custom_padding=\u00a0\u00bb||0px|\u00a0\u00bb padding_mobile=\u00a0\u00bboff\u00a0\u00bb allow_player_pause=\u00a0\u00bboff\u00a0\u00bb parallax=\u00a0\u00bboff\u00a0\u00bb parallax_method=\u00a0\u00bboff\u00a0\u00bb make_equal=\u00a0\u00bboff\u00a0\u00bb parallax_1=\u00a0\u00bboff\u00a0\u00bb parallax_method_1=\u00a0\u00bboff\u00a0\u00bb column_padding_mobile=\u00a0\u00bbon\u00a0\u00bb][et_pb_column type=\u00a0\u00bb4_4&Prime;][et_pb_text admin_label=\u00a0\u00bbCL\u00c1SICA\u00a0\u00bb background_layout=\u00a0\u00bbdark\u00a0\u00bb text_orientation=\u00a0\u00bbleft\u00a0\u00bb use_border_color=\u00a0\u00bboff\u00a0\u00bb border_color=\u00a0\u00bb#ffffff\u00a0\u00bb border_style=\u00a0\u00bbsolid\u00a0\u00bb]<\/p>\n<p>CLASSIQUE<\/p>\n<p>[\/et_pb_text][\/et_pb_column][\/et_pb_row][et_pb_row admin_label=\u00a0\u00bbFila\u00a0\u00bb][et_pb_column type=\u00a0\u00bb1_4&Prime;][et_pb_code admin_label=\u00a0\u00bbC\u00f3digo\u00a0\u00bb]&lt;iframe width=&quot;100%&quot; height=&quot;166&quot; scrolling=&quot;no&quot; frameborder=&quot;no&quot; src=&quot;https:\/\/w.soundcloud.com\/player\/?url=https%3A\/\/api.soundcloud.com\/tracks\/368023652&amp;color=%23ff5500&amp;auto_play=false&amp;hide_related=false&amp;show_comments=true&amp;show_user=true&amp;show_reposts=false&quot;&gt;&lt;\/iframe&gt;[\/et_pb_code][\/et_pb_column][et_pb_column type=\u00a0\u00bb1_4&Prime;][et_pb_code admin_label=\u00a0\u00bbC\u00f3digo\u00a0\u00bb]&lt;iframe width=&quot;100%&quot; height=&quot;166&quot; scrolling=&quot;no&quot; frameborder=&quot;no&quot; src=&quot;https:\/\/w.soundcloud.com\/player\/?url=https%3A\/\/api.soundcloud.com\/tracks\/368025836&amp;color=#ff5500&amp;auto_play=false&amp;hide_related=false&amp;show_comments=true&amp;show_user=true&amp;show_reposts=false&quot;&gt;&lt;\/iframe&gt;[\/et_pb_code][\/et_pb_column][et_pb_column type=\u00a0\u00bb1_4&Prime;][et_pb_code admin_label=\u00a0\u00bbC\u00f3digo\u00a0\u00bb]&lt;iframe width=&quot;100%&quot; height=&quot;166&quot; scrolling=&quot;no&quot; frameborder=&quot;no&quot; src=&quot;https:\/\/w.soundcloud.com\/player\/?url=https%3A\/\/api.soundcloud.com\/tracks\/331311590&amp;amp;color=ff5500&amp;amp;auto_play=false&amp;amp;hide_related=false&amp;amp;show_comments=true&amp;amp;show_user=true&amp;amp;show_reposts=false&quot;&gt;&lt;\/iframe&gt;[\/et_pb_code][\/et_pb_column][et_pb_column type=\u00a0\u00bb1_4&Prime;][\/et_pb_column][\/et_pb_row][et_pb_row admin_label=\u00a0\u00bbrow\u00a0\u00bb make_fullwidth=\u00a0\u00bboff\u00a0\u00bb use_custom_width=\u00a0\u00bboff\u00a0\u00bb width_unit=\u00a0\u00bbon\u00a0\u00bb use_custom_gutter=\u00a0\u00bboff\u00a0\u00bb custom_padding=\u00a0\u00bb||0px|\u00a0\u00bb padding_mobile=\u00a0\u00bboff\u00a0\u00bb allow_player_pause=\u00a0\u00bboff\u00a0\u00bb parallax=\u00a0\u00bboff\u00a0\u00bb parallax_method=\u00a0\u00bboff\u00a0\u00bb make_equal=\u00a0\u00bboff\u00a0\u00bb parallax_1=\u00a0\u00bboff\u00a0\u00bb parallax_method_1=\u00a0\u00bboff\u00a0\u00bb column_padding_mobile=\u00a0\u00bbon\u00a0\u00bb][et_pb_column type=\u00a0\u00bb4_4&Prime;][et_pb_text admin_label=\u00a0\u00bbOPERA\u00a0\u00bb background_layout=\u00a0\u00bbdark\u00a0\u00bb text_orientation=\u00a0\u00bbleft\u00a0\u00bb use_border_color=\u00a0\u00bboff\u00a0\u00bb border_color=\u00a0\u00bb#ffffff\u00a0\u00bb border_style=\u00a0\u00bbsolid\u00a0\u00bb]<\/p>\n<p>\u00d3PERA<\/p>\n<p>[\/et_pb_text][\/et_pb_column][\/et_pb_row][et_pb_row admin_label=\u00a0\u00bbFila\u00a0\u00bb][et_pb_column type=\u00a0\u00bb1_4&Prime;][et_pb_code admin_label=\u00a0\u00bbC\u00f3digo\u00a0\u00bb]&lt;iframe width=&quot;100%&quot; height=&quot;166&quot; scrolling=&quot;no&quot; frameborder=&quot;no&quot; src=&quot;https:\/\/w.soundcloud.com\/player\/?url=https%3A\/\/api.soundcloud.com\/tracks\/376100615&amp;color=%23ff5500&amp;auto_play=false&amp;hide_related=false&amp;show_comments=true&amp;show_user=true&amp;show_reposts=false&quot;&gt;&lt;\/iframe&gt;[\/et_pb_code][\/et_pb_column][et_pb_column type=\u00a0\u00bb1_4&Prime;][et_pb_code admin_label=\u00a0\u00bbC\u00f3digo\u00a0\u00bb]&lt;iframe width=&quot;100%&quot; height=&quot;166&quot; scrolling=&quot;no&quot; frameborder=&quot;no&quot; src=&quot;https:\/\/w.soundcloud.com\/player\/?url=https%3A\/\/api.soundcloud.com\/tracks\/376100597&amp;color=%23ff5500&amp;auto_play=false&amp;hide_related=false&amp;show_comments=true&amp;show_user=true&amp;show_reposts=false&quot;&gt;&lt;\/iframe&gt;[\/et_pb_code][\/et_pb_column][et_pb_column type=\u00a0\u00bb1_4&Prime;][et_pb_code admin_label=\u00a0\u00bbC\u00f3digo\u00a0\u00bb]&lt;iframe width=&quot;100%&quot; height=&quot;166&quot; scrolling=&quot;no&quot; frameborder=&quot;no&quot; src=&quot;https:\/\/w.soundcloud.com\/player\/?url=https%3A\/\/api.soundcloud.com\/tracks\/376100585&amp;color=%23ff5500&amp;auto_play=false&amp;hide_related=false&amp;show_comments=true&amp;show_user=true&amp;show_reposts=false&quot;&gt;&lt;\/iframe&gt;[\/et_pb_code][\/et_pb_column][et_pb_column type=\u00a0\u00bb1_4&Prime;][et_pb_code admin_label=\u00a0\u00bbC\u00f3digo\u00a0\u00bb]&lt;iframe width=&quot;100%&quot; height=&quot;100%&quot; src=&quot;https:\/\/www.youtube.com\/embed\/9uZ8aIN5PCA&quot; frameborder=&quot;0&quot; allow=&quot;autoplay; encrypted-media&quot; allowfullscreen&gt;&lt;\/iframe&gt;[\/et_pb_code][\/et_pb_column][\/et_pb_row][et_pb_row admin_label=\u00a0\u00bbrow\u00a0\u00bb make_fullwidth=\u00a0\u00bboff\u00a0\u00bb use_custom_width=\u00a0\u00bboff\u00a0\u00bb width_unit=\u00a0\u00bbon\u00a0\u00bb use_custom_gutter=\u00a0\u00bboff\u00a0\u00bb custom_padding=\u00a0\u00bb||0px|\u00a0\u00bb padding_mobile=\u00a0\u00bboff\u00a0\u00bb allow_player_pause=\u00a0\u00bboff\u00a0\u00bb parallax=\u00a0\u00bboff\u00a0\u00bb parallax_method=\u00a0\u00bboff\u00a0\u00bb make_equal=\u00a0\u00bboff\u00a0\u00bb parallax_1=\u00a0\u00bboff\u00a0\u00bb parallax_method_1=\u00a0\u00bboff\u00a0\u00bb column_padding_mobile=\u00a0\u00bbon\u00a0\u00bb][et_pb_column type=\u00a0\u00bb4_4&Prime;][et_pb_text admin_label=\u00a0\u00bbPEL\u00cdCULAS\u00a0\u00bb background_layout=\u00a0\u00bbdark\u00a0\u00bb text_orientation=\u00a0\u00bbleft\u00a0\u00bb use_border_color=\u00a0\u00bboff\u00a0\u00bb border_color=\u00a0\u00bb#ffffff\u00a0\u00bb border_style=\u00a0\u00bbsolid\u00a0\u00bb]<\/p>\n<p>MUSIQUES DE FILMS<\/p>\n<p>[\/et_pb_text][\/et_pb_column][\/et_pb_row][et_pb_row admin_label=\u00a0\u00bbFila\u00a0\u00bb][et_pb_column type=\u00a0\u00bb1_4&Prime;][et_pb_code admin_label=\u00a0\u00bbC\u00f3digo\u00a0\u00bb]&lt;iframe width=&quot;100%&quot; height=&quot;166&quot; scrolling=&quot;no&quot; frameborder=&quot;no&quot; src=&quot;https:\/\/w.soundcloud.com\/player\/?url=https%3A\/\/api.soundcloud.com\/tracks\/331311543&amp;amp;color=ff5500&amp;amp;auto_play=false&amp;amp;hide_related=false&amp;amp;show_comments=true&amp;amp;show_user=true&amp;amp;show_reposts=false&quot;&gt;&lt;\/iframe&gt;[\/et_pb_code][\/et_pb_column][et_pb_column type=\u00a0\u00bb1_4&Prime;][et_pb_code admin_label=\u00a0\u00bbC\u00f3digo\u00a0\u00bb]&lt;iframe width=&quot;100%&quot; height=&quot;166&quot; scrolling=&quot;no&quot; frameborder=&quot;no&quot; src=&quot;https:\/\/w.soundcloud.com\/player\/?url=https%3A\/\/api.soundcloud.com\/tracks\/331311606&amp;amp;color=ff5500&amp;amp;auto_play=false&amp;amp;hide_related=false&amp;amp;show_comments=true&amp;amp;show_user=true&amp;amp;show_reposts=false&quot;&gt;&lt;\/iframe&gt;[\/et_pb_code][\/et_pb_column][et_pb_column type=\u00a0\u00bb1_4&Prime;][\/et_pb_column][et_pb_column type=\u00a0\u00bb1_4&Prime;][\/et_pb_column][\/et_pb_row][et_pb_row admin_label=\u00a0\u00bbrow\u00a0\u00bb make_fullwidth=\u00a0\u00bboff\u00a0\u00bb use_custom_width=\u00a0\u00bboff\u00a0\u00bb width_unit=\u00a0\u00bbon\u00a0\u00bb use_custom_gutter=\u00a0\u00bboff\u00a0\u00bb custom_padding=\u00a0\u00bb||0px|\u00a0\u00bb padding_mobile=\u00a0\u00bboff\u00a0\u00bb allow_player_pause=\u00a0\u00bboff\u00a0\u00bb parallax=\u00a0\u00bboff\u00a0\u00bb parallax_method=\u00a0\u00bboff\u00a0\u00bb make_equal=\u00a0\u00bboff\u00a0\u00bb parallax_1=\u00a0\u00bboff\u00a0\u00bb parallax_method_1=\u00a0\u00bboff\u00a0\u00bb column_padding_mobile=\u00a0\u00bbon\u00a0\u00bb][et_pb_column type=\u00a0\u00bb4_4&Prime;][et_pb_text admin_label=\u00a0\u00bbFOLK\/GOSPEL\u00a0\u00bb background_layout=\u00a0\u00bbdark\u00a0\u00bb text_orientation=\u00a0\u00bbleft\u00a0\u00bb use_border_color=\u00a0\u00bboff\u00a0\u00bb border_color=\u00a0\u00bb#ffffff\u00a0\u00bb border_style=\u00a0\u00bbsolid\u00a0\u00bb]<\/p>\n<p>FOLK\/GOSPEL<\/p>\n<p>[\/et_pb_text][\/et_pb_column][\/et_pb_row][et_pb_row admin_label=\u00a0\u00bbFila\u00a0\u00bb][et_pb_column type=\u00a0\u00bb1_4&Prime;][et_pb_code admin_label=\u00a0\u00bbC\u00f3digo\u00a0\u00bb]&lt;iframe width=&quot;300px&quot; height=&quot;166&quot; scrolling=&quot;no&quot; frameborder=&quot;no&quot; src=&quot;https:\/\/w.soundcloud.com\/player\/?url=https%3A\/\/api.soundcloud.com\/tracks\/331311551&amp;color=ff5500&amp;auto_play=false&amp;hide_related=false&amp;show_comments=true&amp;show_user=true&amp;show_reposts=false&quot;&gt;&lt;\/iframe&gt;[\/et_pb_code][\/et_pb_column][et_pb_column type=\u00a0\u00bb1_4&Prime;][et_pb_code admin_label=\u00a0\u00bbC\u00f3digo\u00a0\u00bb]&lt;iframe width=&quot;100%&quot; height=&quot;100%&quot; src=&quot;https:\/\/www.youtube.com\/embed\/qsHtuc5FSW4&quot; frameborder=&quot;0&quot; gesture=&quot;media&quot; allow=&quot;encrypted-media&quot; allowfullscreen&gt;&lt;\/iframe&gt;[\/et_pb_code][\/et_pb_column][et_pb_column type=\u00a0\u00bb1_4&Prime;][\/et_pb_column][et_pb_column type=\u00a0\u00bb1_4&Prime;][\/et_pb_column][\/et_pb_row][et_pb_row admin_label=\u00a0\u00bbrow\u00a0\u00bb make_fullwidth=\u00a0\u00bboff\u00a0\u00bb use_custom_width=\u00a0\u00bboff\u00a0\u00bb width_unit=\u00a0\u00bbon\u00a0\u00bb use_custom_gutter=\u00a0\u00bboff\u00a0\u00bb custom_padding=\u00a0\u00bb||0px|\u00a0\u00bb padding_mobile=\u00a0\u00bboff\u00a0\u00bb allow_player_pause=\u00a0\u00bboff\u00a0\u00bb parallax=\u00a0\u00bboff\u00a0\u00bb parallax_method=\u00a0\u00bboff\u00a0\u00bb make_equal=\u00a0\u00bboff\u00a0\u00bb parallax_1=\u00a0\u00bboff\u00a0\u00bb parallax_method_1=\u00a0\u00bboff\u00a0\u00bb column_padding_mobile=\u00a0\u00bbon\u00a0\u00bb][et_pb_column type=\u00a0\u00bb4_4&Prime;][et_pb_text admin_label=\u00a0\u00bbBOLEROS\/LATINO\u00a0\u00bb background_layout=\u00a0\u00bbdark\u00a0\u00bb text_orientation=\u00a0\u00bbleft\u00a0\u00bb use_border_color=\u00a0\u00bboff\u00a0\u00bb border_color=\u00a0\u00bb#ffffff\u00a0\u00bb border_style=\u00a0\u00bbsolid\u00a0\u00bb]<\/p>\n<p>BOLEROS\/LATINO<\/p>\n<p>[\/et_pb_text][\/et_pb_column][\/et_pb_row][et_pb_row admin_label=\u00a0\u00bbFila\u00a0\u00bb][et_pb_column type=\u00a0\u00bb1_4&Prime;][et_pb_code admin_label=\u00a0\u00bbC\u00f3digo\u00a0\u00bb]&lt;iframe width=&quot;100%&quot; height=&quot;166&quot; scrolling=&quot;no&quot; frameborder=&quot;no&quot; src=&quot;https:\/\/w.soundcloud.com\/player\/?url=https%3A\/\/api.soundcloud.com\/tracks\/368914496&amp;color=#ff5500&amp;auto_play=false&amp;hide_related=false&amp;show_comments=true&amp;show_user=true&amp;show_reposts=false&quot;&gt;&lt;\/iframe&gt;[\/et_pb_code][\/et_pb_column][et_pb_column type=\u00a0\u00bb1_4&Prime;][et_pb_code admin_label=\u00a0\u00bbC\u00f3digo\u00a0\u00bb]&lt;iframe width=&quot;100%&quot; height=&quot;100%&quot; src=&quot;https:\/\/www.youtube.com\/embed\/g4ivKgtAtHU&quot; frameborder=&quot;0&quot; gesture=&quot;media&quot; allow=&quot;encrypted-media&quot; allowfullscreen&gt;&lt;\/iframe&gt;[\/et_pb_code][\/et_pb_column][et_pb_column type=\u00a0\u00bb1_4&Prime;][et_pb_code admin_label=\u00a0\u00bbC\u00f3digo\u00a0\u00bb]&lt;iframe width=&quot;100%&quot; height=&quot;100%&quot; src=&quot;https:\/\/www.youtube.com\/embed\/j2UL1VBtkS4&quot; frameborder=&quot;0&quot; gesture=&quot;media&quot; allow=&quot;encrypted-media&quot; allowfullscreen&gt;&lt;\/iframe&gt;[\/et_pb_code][\/et_pb_column][et_pb_column type=\u00a0\u00bb1_4&Prime;][et_pb_code admin_label=\u00a0\u00bbC\u00f3digo\u00a0\u00bb]&lt;iframe width=&quot;100%&quot; height=&quot;100%&quot; src=&quot;https:\/\/www.youtube.com\/embed\/q_b6Vobvf6c&quot; frameborder=&quot;0&quot; gesture=&quot;media&quot; allow=&quot;encrypted-media&quot; allowfullscreen&gt;&lt;\/iframe&gt;[\/et_pb_code][\/et_pb_column][\/et_pb_row][et_pb_row admin_label=\u00a0\u00bbrow\u00a0\u00bb make_fullwidth=\u00a0\u00bboff\u00a0\u00bb use_custom_width=\u00a0\u00bboff\u00a0\u00bb width_unit=\u00a0\u00bbon\u00a0\u00bb use_custom_gutter=\u00a0\u00bboff\u00a0\u00bb custom_padding=\u00a0\u00bb||0px|\u00a0\u00bb padding_mobile=\u00a0\u00bboff\u00a0\u00bb allow_player_pause=\u00a0\u00bboff\u00a0\u00bb parallax=\u00a0\u00bboff\u00a0\u00bb parallax_method=\u00a0\u00bboff\u00a0\u00bb make_equal=\u00a0\u00bboff\u00a0\u00bb parallax_1=\u00a0\u00bboff\u00a0\u00bb parallax_method_1=\u00a0\u00bboff\u00a0\u00bb column_padding_mobile=\u00a0\u00bbon\u00a0\u00bb][et_pb_column type=\u00a0\u00bb4_4&Prime;][et_pb_text admin_label=\u00a0\u00bbJAZZ\/BOSSA NOVA\/CROONERS\u00a0\u00bb background_layout=\u00a0\u00bbdark\u00a0\u00bb text_orientation=\u00a0\u00bbleft\u00a0\u00bb use_border_color=\u00a0\u00bboff\u00a0\u00bb border_color=\u00a0\u00bb#ffffff\u00a0\u00bb border_style=\u00a0\u00bbsolid\u00a0\u00bb]<\/p>\n<p>JAZZ\/BOSSA NOVA\/CROONERS<\/p>\n<p>[\/et_pb_text][\/et_pb_column][\/et_pb_row][et_pb_row admin_label=\u00a0\u00bbFila\u00a0\u00bb][et_pb_column type=\u00a0\u00bb1_4&Prime;][et_pb_code admin_label=\u00a0\u00bbC\u00f3digo\u00a0\u00bb]&lt;iframe width=&quot;100%&quot; height=&quot;100%&quot; src=&quot;https:\/\/www.youtube.com\/embed\/174LqK_n6UA&quot; frameborder=&quot;0&quot; gesture=&quot;media&quot; allow=&quot;encrypted-media&quot; allowfullscreen&gt;&lt;\/iframe&gt;[\/et_pb_code][\/et_pb_column][et_pb_column type=\u00a0\u00bb1_4&Prime;][\/et_pb_column][et_pb_column type=\u00a0\u00bb1_4&Prime;][\/et_pb_column][et_pb_column type=\u00a0\u00bb1_4&Prime;][\/et_pb_column][\/et_pb_row][\/et_pb_section]<\/p>\n","protected":false},"excerpt":{"rendered":"<p>[et_pb_section admin_label=\u00a0\u00bbsection\u00a0\u00bb background_image=\u00a0\u00bbhttp:\/\/tarantela.net\/wp-content\/uploads\/2017\/06\/imusica_bodas_fondo.jpg\u00a0\u00bb transparent_background=\u00a0\u00bboff\u00a0\u00bb background_color=\u00a0\u00bb#030406&Prime; allow_player_pause=\u00a0\u00bboff\u00a0\u00bb inner_shadow=\u00a0\u00bboff\u00a0\u00bb parallax=\u00a0\u00bbon\u00a0\u00bb parallax_method=\u00a0\u00bboff\u00a0\u00bb padding_mobile=\u00a0\u00bboff\u00a0\u00bb make_fullwidth=\u00a0\u00bboff\u00a0\u00bb use_custom_width=\u00a0\u00bboff\u00a0\u00bb width_unit=\u00a0\u00bbon\u00a0\u00bb make_equal=\u00a0\u00bboff\u00a0\u00bb use_custom_gutter=\u00a0\u00bboff\u00a0\u00bb custom_padding=\u00a0\u00bb50px||100px|\u00a0\u00bb][et_pb_row admin_label=\u00a0\u00bbrow\u00a0\u00bb][et_pb_column type=\u00a0\u00bb4_4&Prime;][et_pb_text admin_label=\u00a0\u00bbTexto\u00a0\u00bb background_layout=\u00a0\u00bbdark\u00a0\u00bb text_orientation=\u00a0\u00bbleft\u00a0\u00bb use_border_color=\u00a0\u00bboff\u00a0\u00bb border_color=\u00a0\u00bb#ffffff\u00a0\u00bb border_style=\u00a0\u00bbsolid\u00a0\u00bb] \u00c9COUTEZ-NOUS Ici vous pouvez \u00e9couter quelques exemples de morceaux de notre r\u00e9pertoire, enregistr\u00e9s en direct. Pour plus d&rsquo;informations et \/ ou de conseils n&rsquo;h\u00e9sitez pas \u00e0 nous contacter, nous serons ravis! [&hellip;]<\/p>\n","protected":false},"author":1,"featured_media":0,"parent":0,"menu_order":0,"comment_status":"closed","ping_status":"closed","template":"","meta":{"_et_pb_use_builder":"on","_et_pb_old_content":"","_et_gb_content_width":"","ngg_post_thumbnail":0,"footnotes":""},"aioseo_notices":[],"_links":{"self":[{"href":"https:\/\/www.tarantela.net\/fr\/wp-json\/wp\/v2\/pages\/592"}],"collection":[{"href":"https:\/\/www.tarantela.net\/fr\/wp-json\/wp\/v2\/pages"}],"about":[{"href":"https:\/\/www.tarantela.net\/fr\/wp-json\/wp\/v2\/types\/page"}],"author":[{"embeddable":true,"href":"https:\/\/www.tarantela.net\/fr\/wp-json\/wp\/v2\/users\/1"}],"replies":[{"embeddable":true,"href":"https:\/\/www.tarantela.net\/fr\/wp-json\/wp\/v2\/comments?post=592"}],"version-history":[{"count":8,"href":"https:\/\/www.tarantela.net\/fr\/wp-json\/wp\/v2\/pages\/592\/revisions"}],"predecessor-version":[{"id":908,"href":"https:\/\/www.tarantela.net\/fr\/wp-json\/wp\/v2\/pages\/592\/revisions\/908"}],"wp:attachment":[{"href":"https:\/\/www.tarantela.net\/fr\/wp-json\/wp\/v2\/media?parent=592"}],"curies":[{"name":"wp","href":"https:\/\/api.w.org\/{rel}","templated":true}]}}