{"id":588,"date":"2017-12-13T15:11:43","date_gmt":"2017-12-13T15:11:43","guid":{"rendered":"http:\/\/tarantela.net\/fr\/?page_id=588"},"modified":"2017-12-29T11:48:46","modified_gmt":"2017-12-29T11:48:46","slug":"musique-pour-obseques","status":"publish","type":"page","link":"https:\/\/www.tarantela.net\/fr\/musique-pour-obseques\/","title":{"rendered":"Musique pour obs\u00e8ques"},"content":{"rendered":"<p>[et_pb_section admin_label=\u00a0\u00bbsection\u00a0\u00bb background_image=\u00a0\u00bbhttp:\/\/tarantela.net\/wp-content\/uploads\/2017\/06\/POSTUMO_FONDO77.jpg\u00a0\u00bb transparent_background=\u00a0\u00bboff\u00a0\u00bb background_color=\u00a0\u00bb#030406&Prime; allow_player_pause=\u00a0\u00bboff\u00a0\u00bb inner_shadow=\u00a0\u00bboff\u00a0\u00bb parallax=\u00a0\u00bboff\u00a0\u00bb parallax_method=\u00a0\u00bboff\u00a0\u00bb custom_padding=\u00a0\u00bb100px||100px|\u00a0\u00bb padding_mobile=\u00a0\u00bboff\u00a0\u00bb make_fullwidth=\u00a0\u00bboff\u00a0\u00bb use_custom_width=\u00a0\u00bboff\u00a0\u00bb width_unit=\u00a0\u00bbon\u00a0\u00bb make_equal=\u00a0\u00bboff\u00a0\u00bb use_custom_gutter=\u00a0\u00bboff\u00a0\u00bb][et_pb_row admin_label=\u00a0\u00bbrow\u00a0\u00bb make_fullwidth=\u00a0\u00bboff\u00a0\u00bb use_custom_width=\u00a0\u00bboff\u00a0\u00bb width_unit=\u00a0\u00bbon\u00a0\u00bb use_custom_gutter=\u00a0\u00bboff\u00a0\u00bb custom_padding=\u00a0\u00bb|100px||300px\u00a0\u00bb padding_mobile=\u00a0\u00bboff\u00a0\u00bb allow_player_pause=\u00a0\u00bboff\u00a0\u00bb parallax=\u00a0\u00bboff\u00a0\u00bb parallax_method=\u00a0\u00bboff\u00a0\u00bb make_equal=\u00a0\u00bboff\u00a0\u00bb parallax_1=\u00a0\u00bboff\u00a0\u00bb parallax_method_1=\u00a0\u00bboff\u00a0\u00bb column_padding_mobile=\u00a0\u00bbon\u00a0\u00bb][et_pb_column type=\u00a0\u00bb4_4&Prime;][et_pb_text admin_label=\u00a0\u00bbTexto\u00a0\u00bb background_layout=\u00a0\u00bbdark\u00a0\u00bb text_orientation=\u00a0\u00bbleft\u00a0\u00bb use_border_color=\u00a0\u00bboff\u00a0\u00bb border_color=\u00a0\u00bb#ffffff\u00a0\u00bb border_style=\u00a0\u00bbsolid\u00a0\u00bb disabled=\u00a0\u00bboff\u00a0\u00bb disabled_on=\u00a0\u00bbon||\u00a0\u00bb]<\/p>\n<h2 style=\"color: #b2b4b6!important; text-align: left; text-transform: uppercase;\"><span style=\"line-height: 70px; font-size: 70px;\">Musique <\/span> pour obs\u00e8ques<\/h2>\n<p>Fun\u00e9railles\/Enterrements\/Cr\u00e9mations<\/p>\n<p>Tarantela met \u00e0 votre disposition la meilleure musique en direct pour les obs\u00e8ques d\u00b4 un \u00eatre cher. Le choix d&rsquo;une musique, lors d&rsquo;un enterrement ou d&rsquo;une cr\u00e9mation, est l&rsquo;une des plus belles mani\u00e8res d&rsquo;individualiser ce moment. C&rsquo;est un choix tr\u00e8s personnel qui refl\u00e8te la vie du d\u00e9funt ou tout simplement les beaux moments pass\u00e9s ensemble.<\/p>\n<p>Interpret\u00e9 par les meilleurs professionnels, notre r\u00e9pertoire inclus la musique baroque, classique, romantique (sacr\u00e9e ou la\u00efque), et une ample vari\u00e9t\u00e9 de musique moderne.<br \/>\nR\u00e9pertoire disponible en Basque.<\/p>\n<p>N\u2019h\u00e9sitez pas \u00e0 nous contacter pour toute question ou demande d\u2019informations!<\/p>\n<div style=\"heihgt: 50px;\">&nbsp;<\/div>\n<p>[\/et_pb_text][et_pb_text admin_label=\u00a0\u00bbTexto\u00a0\u00bb background_layout=\u00a0\u00bbdark\u00a0\u00bb text_orientation=\u00a0\u00bbleft\u00a0\u00bb use_border_color=\u00a0\u00bboff\u00a0\u00bb border_color=\u00a0\u00bb#ffffff\u00a0\u00bb border_style=\u00a0\u00bbsolid\u00a0\u00bb disabled=\u00a0\u00bboff\u00a0\u00bb disabled_on=\u00a0\u00bboff|on|on\u00a0\u00bb]<\/p>\n<h2 style=\"color: #b2b4b6!important; text-align: left; text-transform: uppercase;\">Musique pour obs\u00e8ques<\/h2>\n<p>Fun\u00e9railles\/Enterrements\/Cr\u00e9mations<\/p>\n<p>Tarantela met \u00e0 votre disposition la meilleure musique en direct pour les obs\u00e8ques d\u00b4 un \u00eatre cher. Le choix d&rsquo;une musique, lors d&rsquo;un enterrement ou d&rsquo;une cr\u00e9mation, est l&rsquo;une des plus belles mani\u00e8res d&rsquo;individualiser ce moment. C&rsquo;est un choix tr\u00e8s personnel qui refl\u00e8te la vie du d\u00e9funt ou tout simplement les beaux moments pass\u00e9s ensemble.<\/p>\n<p>Interpret\u00e9 par les meilleurs professionnels, notre r\u00e9pertoire inclus la musique baroque, classique, romantique (sacr\u00e9e ou la\u00efque), et une ample vari\u00e9t\u00e9 de musique moderne.<br \/>\nR\u00e9pertoire disponible en Basque.<\/p>\n<p>N\u2019h\u00e9sitez pas \u00e0 nous contacter pour toute question ou demande d\u2019informations!<\/p>\n<div style=\"heihgt: 50px;\">&nbsp;<\/div>\n<p>[\/et_pb_text][\/et_pb_column][\/et_pb_row][\/et_pb_section]<\/p>\n","protected":false},"excerpt":{"rendered":"<p>[et_pb_section admin_label=\u00a0\u00bbsection\u00a0\u00bb background_image=\u00a0\u00bbhttp:\/\/tarantela.net\/wp-content\/uploads\/2017\/06\/POSTUMO_FONDO77.jpg\u00a0\u00bb transparent_background=\u00a0\u00bboff\u00a0\u00bb background_color=\u00a0\u00bb#030406&Prime; allow_player_pause=\u00a0\u00bboff\u00a0\u00bb inner_shadow=\u00a0\u00bboff\u00a0\u00bb parallax=\u00a0\u00bboff\u00a0\u00bb parallax_method=\u00a0\u00bboff\u00a0\u00bb custom_padding=\u00a0\u00bb100px||100px|\u00a0\u00bb padding_mobile=\u00a0\u00bboff\u00a0\u00bb make_fullwidth=\u00a0\u00bboff\u00a0\u00bb use_custom_width=\u00a0\u00bboff\u00a0\u00bb width_unit=\u00a0\u00bbon\u00a0\u00bb make_equal=\u00a0\u00bboff\u00a0\u00bb use_custom_gutter=\u00a0\u00bboff\u00a0\u00bb][et_pb_row admin_label=\u00a0\u00bbrow\u00a0\u00bb make_fullwidth=\u00a0\u00bboff\u00a0\u00bb use_custom_width=\u00a0\u00bboff\u00a0\u00bb width_unit=\u00a0\u00bbon\u00a0\u00bb use_custom_gutter=\u00a0\u00bboff\u00a0\u00bb custom_padding=\u00a0\u00bb|100px||300px\u00a0\u00bb padding_mobile=\u00a0\u00bboff\u00a0\u00bb allow_player_pause=\u00a0\u00bboff\u00a0\u00bb parallax=\u00a0\u00bboff\u00a0\u00bb parallax_method=\u00a0\u00bboff\u00a0\u00bb make_equal=\u00a0\u00bboff\u00a0\u00bb parallax_1=\u00a0\u00bboff\u00a0\u00bb parallax_method_1=\u00a0\u00bboff\u00a0\u00bb column_padding_mobile=\u00a0\u00bbon\u00a0\u00bb][et_pb_column type=\u00a0\u00bb4_4&Prime;][et_pb_text admin_label=\u00a0\u00bbTexto\u00a0\u00bb background_layout=\u00a0\u00bbdark\u00a0\u00bb text_orientation=\u00a0\u00bbleft\u00a0\u00bb use_border_color=\u00a0\u00bboff\u00a0\u00bb border_color=\u00a0\u00bb#ffffff\u00a0\u00bb border_style=\u00a0\u00bbsolid\u00a0\u00bb disabled=\u00a0\u00bboff\u00a0\u00bb disabled_on=\u00a0\u00bbon||\u00a0\u00bb] Musique pour obs\u00e8ques Fun\u00e9railles\/Enterrements\/Cr\u00e9mations Tarantela met \u00e0 votre disposition la meilleure musique en direct pour les [&hellip;]<\/p>\n","protected":false},"author":1,"featured_media":0,"parent":0,"menu_order":0,"comment_status":"closed","ping_status":"closed","template":"","meta":{"_et_pb_use_builder":"on","_et_pb_old_content":"","_et_gb_content_width":"","ngg_post_thumbnail":0,"footnotes":""},"aioseo_notices":[],"_links":{"self":[{"href":"https:\/\/www.tarantela.net\/fr\/wp-json\/wp\/v2\/pages\/588"}],"collection":[{"href":"https:\/\/www.tarantela.net\/fr\/wp-json\/wp\/v2\/pages"}],"about":[{"href":"https:\/\/www.tarantela.net\/fr\/wp-json\/wp\/v2\/types\/page"}],"author":[{"embeddable":true,"href":"https:\/\/www.tarantela.net\/fr\/wp-json\/wp\/v2\/users\/1"}],"replies":[{"embeddable":true,"href":"https:\/\/www.tarantela.net\/fr\/wp-json\/wp\/v2\/comments?post=588"}],"version-history":[{"count":10,"href":"https:\/\/www.tarantela.net\/fr\/wp-json\/wp\/v2\/pages\/588\/revisions"}],"predecessor-version":[{"id":795,"href":"https:\/\/www.tarantela.net\/fr\/wp-json\/wp\/v2\/pages\/588\/revisions\/795"}],"wp:attachment":[{"href":"https:\/\/www.tarantela.net\/fr\/wp-json\/wp\/v2\/media?parent=588"}],"curies":[{"name":"wp","href":"https:\/\/api.w.org\/{rel}","templated":true}]}}