{"id":586,"date":"2017-12-13T15:10:38","date_gmt":"2017-12-13T15:10:38","guid":{"rendered":"http:\/\/tarantela.net\/fr\/?page_id=586"},"modified":"2017-12-22T10:22:41","modified_gmt":"2017-12-22T10:22:41","slug":"musique-pour-les-mariages","status":"publish","type":"page","link":"https:\/\/www.tarantela.net\/fr\/musique-pour-les-mariages\/","title":{"rendered":"Musique pour mariages"},"content":{"rendered":"<p>[et_pb_section admin_label=\u00a0\u00bbsection\u00a0\u00bb transparent_background=\u00a0\u00bboff\u00a0\u00bb allow_player_pause=\u00a0\u00bboff\u00a0\u00bb inner_shadow=\u00a0\u00bboff\u00a0\u00bb parallax=\u00a0\u00bboff\u00a0\u00bb parallax_method=\u00a0\u00bboff\u00a0\u00bb padding_mobile=\u00a0\u00bboff\u00a0\u00bb make_fullwidth=\u00a0\u00bboff\u00a0\u00bb use_custom_width=\u00a0\u00bboff\u00a0\u00bb width_unit=\u00a0\u00bbon\u00a0\u00bb make_equal=\u00a0\u00bboff\u00a0\u00bb use_custom_gutter=\u00a0\u00bboff\u00a0\u00bb background_image=\u00a0\u00bbhttp:\/\/tarantela.net\/wp-content\/uploads\/2017\/10\/bodas17_2.jpg\u00a0\u00bb custom_padding=\u00a0\u00bb0px|||\u00a0\u00bb][et_pb_row admin_label=\u00a0\u00bbrow\u00a0\u00bb][et_pb_column type=\u00a0\u00bb4_4&Prime;][et_pb_text admin_label=\u00a0\u00bbTexto\u00a0\u00bb background_layout=\u00a0\u00bbdark\u00a0\u00bb text_orientation=\u00a0\u00bbright\u00a0\u00bb use_border_color=\u00a0\u00bboff\u00a0\u00bb border_color=\u00a0\u00bb#ffffff\u00a0\u00bb border_style=\u00a0\u00bbsolid\u00a0\u00bb disabled=\u00a0\u00bboff\u00a0\u00bb disabled_on=\u00a0\u00bbon||\u00a0\u00bb]<\/p>\n<h2 style=\"color: #cb1c4a!important;text-align:right;\">INFORMATIONS <span style=\"line-height: 70px;font-size:70px;\">MARIAGES<\/span><\/h2>\n<div style=\"text-align: left; width: 490px; float: right;\">\nC\u00e9r\u00e9monie\/Cocktail\/Banquet<\/p>\n<p>Faites de votre mariage un \u00e9v\u00e9nement inoubliable avec les plus belles melodies de Bach, Handel, Vivaldi\u2026 Interpret\u00e9es en direct par les meilleures voix et musiciens, avec un r\u00e9pertoire s\u00e9lectionn\u00e9 pour chaque occasion. Une garantie pour des souvenirs inoubliables.<br \/>\nR\u00e9pertoire disponible en Basque.<\/p>\n<div style=\"height:10px;\">&nbsp;<\/div>\n<ul>\n<li>Solistes d\u00b4op\u00e9ra<\/li>\n<li>Quatuors de cordes<\/li>\n<li>Quatuors vocals<\/li>\n<li>Choeurs<\/li>\n<li>Organistes<\/li>\n<\/ul>\n<p>Autres choix:<\/p>\n<div style=\"height:10px;\">&nbsp;<\/div>\n<ul>\n<li>Jazz\/Bossa nova<\/li>\n<li>Musique espagnole et d\u00b4am\u00e9rique latine<\/li>\n<li>Folk\/Gospel<\/li>\n<li>Mariachi<\/li>\n<li>La Tuna<\/li>\n<li>Musique moderne<\/li>\n<li>Choeur Andalous<\/li>\n<li>Sortie de c\u00e9r\u00e9monie avec aurresku (dance basque)<\/li>\n<\/ul>\n<p>Demande de devis gratuit! Nous vous informerons du nombre des musiciens n\u00e9cessaire pour votre mariage, type d\u00b4instruments, les meilleurs morceaux musicaux, etc.<\/p>\n<\/div>\n<p>[\/et_pb_text][et_pb_text admin_label=\u00a0\u00bbTexto\u00a0\u00bb background_layout=\u00a0\u00bbdark\u00a0\u00bb text_orientation=\u00a0\u00bbright\u00a0\u00bb use_border_color=\u00a0\u00bboff\u00a0\u00bb border_color=\u00a0\u00bb#ffffff\u00a0\u00bb border_style=\u00a0\u00bbsolid\u00a0\u00bb disabled=\u00a0\u00bboff\u00a0\u00bb disabled_on=\u00a0\u00bboff|on|on\u00a0\u00bb]<\/p>\n<h2 style=\"color: #cb1c4a!important;text-align:right;\">INFORMATIONS MARIAGES<\/span><\/h2>\n<div style=\"text-align: left;\">\nC\u00e9r\u00e9monie\/Cocktail\/Banquet<\/p>\n<p>Faites de votre mariage un \u00e9v\u00e9nement inoubliable avec les plus belles melodies de Bach, Handel, Vivaldi\u2026 Interpret\u00e9es en direct par les meilleures voix et musiciens, avec un r\u00e9pertoire s\u00e9lectionn\u00e9 pour chaque occasion. Une garantie pour des souvenirs inoubliables.<br \/>\nR\u00e9pertoire disponible en Basque.<\/p>\n<div style=\"height:10px;\">&nbsp;<\/div>\n<ul>\n<li>Solistes d\u00b4op\u00e9ra<\/li>\n<li>Quatuors de cordes<\/li>\n<li>Quatuors vocals<\/li>\n<li>Choeurs<\/li>\n<li>Organistes<\/li>\n<\/ul>\n<p>Autres choix:<\/p>\n<div style=\"height:10px;\">&nbsp;<\/div>\n<ul>\n<li>Jazz\/Bossa nova<\/li>\n<li>Musique espagnole et d\u00b4am\u00e9rique latine<\/li>\n<li>Folk\/Gospel<\/li>\n<li>Mariachi<\/li>\n<li>La Tuna<\/li>\n<li>Musique moderne<\/li>\n<li>Choeur Andalous<\/li>\n<li>Sortie de c\u00e9r\u00e9monie avec aurresku (dance basque)<\/li>\n<\/ul>\n<p>Demande de devis gratuit! Nous vous informerons du nombre des musiciens n\u00e9cessaire pour votre mariage, type d\u00b4instruments, les meilleurs morceaux musicaux, etc.<\/p>\n<\/div>\n<p>[\/et_pb_text][\/et_pb_column][\/et_pb_row][\/et_pb_section]<\/p>\n","protected":false},"excerpt":{"rendered":"<p>[et_pb_section admin_label=\u00a0\u00bbsection\u00a0\u00bb transparent_background=\u00a0\u00bboff\u00a0\u00bb allow_player_pause=\u00a0\u00bboff\u00a0\u00bb inner_shadow=\u00a0\u00bboff\u00a0\u00bb parallax=\u00a0\u00bboff\u00a0\u00bb parallax_method=\u00a0\u00bboff\u00a0\u00bb padding_mobile=\u00a0\u00bboff\u00a0\u00bb make_fullwidth=\u00a0\u00bboff\u00a0\u00bb use_custom_width=\u00a0\u00bboff\u00a0\u00bb width_unit=\u00a0\u00bbon\u00a0\u00bb make_equal=\u00a0\u00bboff\u00a0\u00bb use_custom_gutter=\u00a0\u00bboff\u00a0\u00bb background_image=\u00a0\u00bbhttp:\/\/tarantela.net\/wp-content\/uploads\/2017\/10\/bodas17_2.jpg\u00a0\u00bb custom_padding=\u00a0\u00bb0px|||\u00a0\u00bb][et_pb_row admin_label=\u00a0\u00bbrow\u00a0\u00bb][et_pb_column type=\u00a0\u00bb4_4&Prime;][et_pb_text admin_label=\u00a0\u00bbTexto\u00a0\u00bb background_layout=\u00a0\u00bbdark\u00a0\u00bb text_orientation=\u00a0\u00bbright\u00a0\u00bb use_border_color=\u00a0\u00bboff\u00a0\u00bb border_color=\u00a0\u00bb#ffffff\u00a0\u00bb border_style=\u00a0\u00bbsolid\u00a0\u00bb disabled=\u00a0\u00bboff\u00a0\u00bb disabled_on=\u00a0\u00bbon||\u00a0\u00bb] INFORMATIONS MARIAGES C\u00e9r\u00e9monie\/Cocktail\/Banquet Faites de votre mariage un \u00e9v\u00e9nement inoubliable avec les plus belles melodies de Bach, Handel, Vivaldi\u2026 Interpret\u00e9es en direct par les meilleures voix et musiciens, avec un [&hellip;]<\/p>\n","protected":false},"author":1,"featured_media":0,"parent":0,"menu_order":0,"comment_status":"closed","ping_status":"closed","template":"","meta":{"_et_pb_use_builder":"on","_et_pb_old_content":"","_et_gb_content_width":"","ngg_post_thumbnail":0,"footnotes":""},"aioseo_notices":[],"_links":{"self":[{"href":"https:\/\/www.tarantela.net\/fr\/wp-json\/wp\/v2\/pages\/586"}],"collection":[{"href":"https:\/\/www.tarantela.net\/fr\/wp-json\/wp\/v2\/pages"}],"about":[{"href":"https:\/\/www.tarantela.net\/fr\/wp-json\/wp\/v2\/types\/page"}],"author":[{"embeddable":true,"href":"https:\/\/www.tarantela.net\/fr\/wp-json\/wp\/v2\/users\/1"}],"replies":[{"embeddable":true,"href":"https:\/\/www.tarantela.net\/fr\/wp-json\/wp\/v2\/comments?post=586"}],"version-history":[{"count":8,"href":"https:\/\/www.tarantela.net\/fr\/wp-json\/wp\/v2\/pages\/586\/revisions"}],"predecessor-version":[{"id":779,"href":"https:\/\/www.tarantela.net\/fr\/wp-json\/wp\/v2\/pages\/586\/revisions\/779"}],"wp:attachment":[{"href":"https:\/\/www.tarantela.net\/fr\/wp-json\/wp\/v2\/media?parent=586"}],"curies":[{"name":"wp","href":"https:\/\/api.w.org\/{rel}","templated":true}]}}