{"id":577,"date":"2017-12-13T15:06:20","date_gmt":"2017-12-13T15:06:20","guid":{"rendered":"http:\/\/tarantela.net\/fr\/?page_id=577"},"modified":"2017-12-29T11:51:10","modified_gmt":"2017-12-29T11:51:10","slug":"presentation","status":"publish","type":"page","link":"https:\/\/www.tarantela.net\/fr\/presentation\/","title":{"rendered":"Pr\u00e9sentation"},"content":{"rendered":"<p>[et_pb_section admin_label=\u00a0\u00bbsection\u00a0\u00bb background_image=\u00a0\u00bbhttp:\/\/tarantela.net\/wp-content\/uploads\/2017\/06\/4_1-1.jpg\u00a0\u00bb transparent_background=\u00a0\u00bboff\u00a0\u00bb background_color=\u00a0\u00bb#000000&Prime; allow_player_pause=\u00a0\u00bboff\u00a0\u00bb inner_shadow=\u00a0\u00bboff\u00a0\u00bb parallax=\u00a0\u00bboff\u00a0\u00bb parallax_method=\u00a0\u00bboff\u00a0\u00bb padding_mobile=\u00a0\u00bboff\u00a0\u00bb make_fullwidth=\u00a0\u00bboff\u00a0\u00bb use_custom_width=\u00a0\u00bboff\u00a0\u00bb width_unit=\u00a0\u00bbon\u00a0\u00bb make_equal=\u00a0\u00bboff\u00a0\u00bb use_custom_gutter=\u00a0\u00bboff\u00a0\u00bb custom_padding=\u00a0\u00bb50px||0px|\u00a0\u00bb][et_pb_row admin_label=\u00a0\u00bbrow\u00a0\u00bb make_fullwidth=\u00a0\u00bboff\u00a0\u00bb use_custom_width=\u00a0\u00bboff\u00a0\u00bb width_unit=\u00a0\u00bbon\u00a0\u00bb use_custom_gutter=\u00a0\u00bboff\u00a0\u00bb custom_padding=\u00a0\u00bb0px|||\u00a0\u00bb padding_mobile=\u00a0\u00bboff\u00a0\u00bb allow_player_pause=\u00a0\u00bboff\u00a0\u00bb parallax=\u00a0\u00bboff\u00a0\u00bb parallax_method=\u00a0\u00bboff\u00a0\u00bb make_equal=\u00a0\u00bboff\u00a0\u00bb parallax_1=\u00a0\u00bboff\u00a0\u00bb parallax_method_1=\u00a0\u00bboff\u00a0\u00bb column_padding_mobile=\u00a0\u00bbon\u00a0\u00bb][et_pb_column type=\u00a0\u00bb4_4&Prime;][et_pb_text admin_label=\u00a0\u00bbTexto\u00a0\u00bb background_layout=\u00a0\u00bbdark\u00a0\u00bb text_orientation=\u00a0\u00bbright\u00a0\u00bb use_border_color=\u00a0\u00bboff\u00a0\u00bb border_color=\u00a0\u00bb#ffffff\u00a0\u00bb border_style=\u00a0\u00bbsolid\u00a0\u00bb custom_margin=\u00a0\u00bb0px|||\u00a0\u00bb custom_padding=\u00a0\u00bb0px|||\u00a0\u00bb disabled=\u00a0\u00bboff\u00a0\u00bb disabled_on=\u00a0\u00bbon||\u00a0\u00bb]<\/p>\n<h2 style=\"color: #cb1c4a!important; padding-right: 60px;\"><span style=\"padding-right: 300px; line-height: 30px;\"> MUSIQUE<\/span><br \/>\n<span style=\"font-size: 50px; padding-right: 100px; line-height: 50px;\"> \u00c0 LA CARTE<\/span><br \/>\nPOUR CHAQUE OCCASION<\/h2>\n<div style=\"text-align: left; width: 550px; float: right; padding-right: 100px;\">\n<p>Tarantela met \u00e0 votre disposition les meilleurs musiciens pour faire de vos \u00e9v\u00e9nements la plus belle des f\u00eates: musique pour \u00e9v\u00e9nements corporatifs et priv\u00e9s, musique pour mariages, anniversaires, soir\u00e9es d\u2019entreprise, concerts\u2026..Tous les artistes de Tarantela sont des professionnels tr\u00e8s exp\u00e9riment\u00e9s et ils n\u2019ont qu\u2019un seul but : le succ\u00e8s de votre \u00e9v\u00e9nement.<\/p>\n<p>Bas\u00e9e \u00e0 Pampelune (Navarre, Espagne) et \u00e0 Hendaye (Pays basque fran\u00e7ais), Tarantela se produit principalement en Espagne et en France, mais aussi dans d\u00b4autres pays comme l\u00b4Italie et l\u00b4Allemagne.<\/p>\n<p>La fid\u00e9lit\u00e9 et la satisfaction de nos clients reposent sur une exp\u00e9rience de plus de 15 ans dans le domaine musicale.<\/p>\n<p>N\u2019h\u00e9sitez pas \u00e0 nous contacter pour toute question ou demande d\u2019informations!<\/p>\n<\/div>\n<p>[\/et_pb_text][et_pb_text admin_label=\u00a0\u00bbTexto\u00a0\u00bb background_layout=\u00a0\u00bbdark\u00a0\u00bb text_orientation=\u00a0\u00bbright\u00a0\u00bb use_border_color=\u00a0\u00bboff\u00a0\u00bb border_color=\u00a0\u00bb#ffffff\u00a0\u00bb border_style=\u00a0\u00bbsolid\u00a0\u00bb custom_margin=\u00a0\u00bb0px|||\u00a0\u00bb custom_padding=\u00a0\u00bb0px|||\u00a0\u00bb disabled=\u00a0\u00bboff\u00a0\u00bb disabled_on=\u00a0\u00bboff|on|on\u00a0\u00bb]<\/p>\n<h2 style=\"color: #cb1c4a!important;\">MUSIQUE \u00c0 LA CARTE POUR CHAQUE OCCASION<\/h2>\n<div style=\"text-align: left;\">\n<p>Tarantela met \u00e0 votre disposition les meilleurs musiciens pour faire de vos \u00e9v\u00e9nements la plus belle des f\u00eates: musique pour \u00e9v\u00e9nements corporatifs et priv\u00e9s, musique pour mariages, anniversaires, soir\u00e9es d\u2019entreprise, concerts\u2026..Tous les artistes de Tarantela sont des professionnels tr\u00e8s exp\u00e9riment\u00e9s et ils n\u2019ont qu\u2019un seul but : le succ\u00e8s de votre \u00e9v\u00e9nement.<\/p>\n<p>Bas\u00e9e \u00e0 Pampelune (Navarre, Espagne) et \u00e0 Hendaye (Pays basque fran\u00e7ais), Tarantela se produit principalement en Espagne et en France, mais aussi dans d\u00b4autres pays comme l\u00b4Italie et l\u00b4Allemagne.<\/p>\n<p>La fid\u00e9lit\u00e9 et la satisfaction de nos clients reposent sur une exp\u00e9rience de plus de 15 ans dans le domaine musicale.<\/p>\n<p>N\u2019h\u00e9sitez pas \u00e0 nous contacter pour toute question ou demande d\u2019informations!<\/p>\n<\/div>\n<p>[\/et_pb_text][\/et_pb_column][\/et_pb_row][\/et_pb_section]<\/p>\n","protected":false},"excerpt":{"rendered":"<p>[et_pb_section admin_label=\u00a0\u00bbsection\u00a0\u00bb background_image=\u00a0\u00bbhttp:\/\/tarantela.net\/wp-content\/uploads\/2017\/06\/4_1-1.jpg\u00a0\u00bb transparent_background=\u00a0\u00bboff\u00a0\u00bb background_color=\u00a0\u00bb#000000&Prime; allow_player_pause=\u00a0\u00bboff\u00a0\u00bb inner_shadow=\u00a0\u00bboff\u00a0\u00bb parallax=\u00a0\u00bboff\u00a0\u00bb parallax_method=\u00a0\u00bboff\u00a0\u00bb padding_mobile=\u00a0\u00bboff\u00a0\u00bb make_fullwidth=\u00a0\u00bboff\u00a0\u00bb use_custom_width=\u00a0\u00bboff\u00a0\u00bb width_unit=\u00a0\u00bbon\u00a0\u00bb make_equal=\u00a0\u00bboff\u00a0\u00bb use_custom_gutter=\u00a0\u00bboff\u00a0\u00bb custom_padding=\u00a0\u00bb50px||0px|\u00a0\u00bb][et_pb_row admin_label=\u00a0\u00bbrow\u00a0\u00bb make_fullwidth=\u00a0\u00bboff\u00a0\u00bb use_custom_width=\u00a0\u00bboff\u00a0\u00bb width_unit=\u00a0\u00bbon\u00a0\u00bb use_custom_gutter=\u00a0\u00bboff\u00a0\u00bb custom_padding=\u00a0\u00bb0px|||\u00a0\u00bb padding_mobile=\u00a0\u00bboff\u00a0\u00bb allow_player_pause=\u00a0\u00bboff\u00a0\u00bb parallax=\u00a0\u00bboff\u00a0\u00bb parallax_method=\u00a0\u00bboff\u00a0\u00bb make_equal=\u00a0\u00bboff\u00a0\u00bb parallax_1=\u00a0\u00bboff\u00a0\u00bb parallax_method_1=\u00a0\u00bboff\u00a0\u00bb column_padding_mobile=\u00a0\u00bbon\u00a0\u00bb][et_pb_column type=\u00a0\u00bb4_4&Prime;][et_pb_text admin_label=\u00a0\u00bbTexto\u00a0\u00bb background_layout=\u00a0\u00bbdark\u00a0\u00bb text_orientation=\u00a0\u00bbright\u00a0\u00bb use_border_color=\u00a0\u00bboff\u00a0\u00bb border_color=\u00a0\u00bb#ffffff\u00a0\u00bb border_style=\u00a0\u00bbsolid\u00a0\u00bb custom_margin=\u00a0\u00bb0px|||\u00a0\u00bb custom_padding=\u00a0\u00bb0px|||\u00a0\u00bb disabled=\u00a0\u00bboff\u00a0\u00bb disabled_on=\u00a0\u00bbon||\u00a0\u00bb] MUSIQUE \u00c0 LA CARTE POUR CHAQUE OCCASION Tarantela met \u00e0 votre disposition les meilleurs [&hellip;]<\/p>\n","protected":false},"author":1,"featured_media":0,"parent":0,"menu_order":0,"comment_status":"open","ping_status":"open","template":"","meta":{"_et_pb_use_builder":"on","_et_pb_old_content":"","_et_gb_content_width":"","ngg_post_thumbnail":0,"footnotes":""},"aioseo_notices":[],"_links":{"self":[{"href":"https:\/\/www.tarantela.net\/fr\/wp-json\/wp\/v2\/pages\/577"}],"collection":[{"href":"https:\/\/www.tarantela.net\/fr\/wp-json\/wp\/v2\/pages"}],"about":[{"href":"https:\/\/www.tarantela.net\/fr\/wp-json\/wp\/v2\/types\/page"}],"author":[{"embeddable":true,"href":"https:\/\/www.tarantela.net\/fr\/wp-json\/wp\/v2\/users\/1"}],"replies":[{"embeddable":true,"href":"https:\/\/www.tarantela.net\/fr\/wp-json\/wp\/v2\/comments?post=577"}],"version-history":[{"count":10,"href":"https:\/\/www.tarantela.net\/fr\/wp-json\/wp\/v2\/pages\/577\/revisions"}],"predecessor-version":[{"id":797,"href":"https:\/\/www.tarantela.net\/fr\/wp-json\/wp\/v2\/pages\/577\/revisions\/797"}],"wp:attachment":[{"href":"https:\/\/www.tarantela.net\/fr\/wp-json\/wp\/v2\/media?parent=577"}],"curies":[{"name":"wp","href":"https:\/\/api.w.org\/{rel}","templated":true}]}}